{"id":687,"date":"2014-01-11T11:13:46","date_gmt":"2014-01-11T10:13:46","guid":{"rendered":"https:\/\/www.xvdl.be\/?page_id=687"},"modified":"2024-02-26T13:50:46","modified_gmt":"2024-02-26T12:50:46","slug":"je-construis-je-pense-au-co2-je-pense-au-bio","status":"publish","type":"page","link":"https:\/\/www.xvdl.be\/fr\/je-construis-je-pense-au-co2-je-pense-au-bio\/","title":{"rendered":"Je construis, je pense au CO2, je pense au Bio"},"content":{"rendered":"<p>Le tissus urbain contribue \u00e9norm\u00e9ment \u00e0 la production du CO2. La meilleure fa\u00e7on de diminuer cette production est d&rsquo;isoler. Lorsqu&rsquo;on isole, on consomme moins, on stocke la chaleur dans les murs et les sols en hiver et on y maintient la fra\u00eecheur en \u00e9t\u00e9, ce qui favorise le confort thermique.<\/p>\n<p>Avec le rench\u00e9rissement des mati\u00e8res fossiles, peu de candidats b\u00e2tisseurs doutent encore sur l&rsquo;int\u00e9r\u00eat d&rsquo;isoler les constructions. Dans le cas de constructions neuves, le concept de l&rsquo;isolation peut se r\u00e9aliser ais\u00e9ment en pr\u00e9voyant d\u00e8s le d\u00e9part une ma\u00eetrise intelligente de la production int\u00e9rieure de l&rsquo;humidit\u00e9. Dans les espaces sanitaires, la cuisine, salles de r\u00e9union et autres, l&rsquo;air est humidifi\u00e9 et cette humidit\u00e9 doit \u00eatre conduite vers l&rsquo;ext\u00e9rieur sans cr\u00e9er des d\u00e9g\u00e2ts aux mat\u00e9riaux de construction. En effet, l&rsquo;eau et en l\u2019occurrence la condensation, sont les plus grand ennemis de la construction. De l\u00e0 sont n\u00e9s de nouveaux mat\u00e9riaux et concepts tels que le freine-vapeur, la ventilation etc&#8230; Autre concept : l&rsquo;\u00e9tanch\u00e9it\u00e9 \u00e0 la vapeur, l&rsquo;\u00e9tanch\u00e9it\u00e9 aux vents ou \u00e0 l&rsquo;air ext\u00e9rieur.<br \/>\nLa technologie qui tourne autour de l&rsquo;isolation s&rsquo;est grandement complexifi\u00e9e et sa mise en \u0153uvre doit \u00eatre ma\u00eetris\u00e9e avec soin.<\/p>\n<p>Il en va de m\u00eame pour les b\u00e2timents anciens \u00e0 transformer ou \u00e0 r\u00e9nover. Le parc immobilier est parsem\u00e9 de constructions, v\u00e9ritables gouffres \u00e9nerg\u00e9tiques. Un vieux ch\u00e2ssis de fen\u00eatre en ch\u00eane peut \u00eatre une v\u00e9ritable passoire au flux \u00e9nerg\u00e9tiques. Et ce, non seulement \u00e0 cause du verre simple mais aussi \u00e0 cause de son manque d&rsquo;\u00e9tanch\u00e9it\u00e9 \u00e0 l&rsquo;air. Remplacer toutes ces vieilles fen\u00eatres rimera toujours avec une r\u00e9vision du concept de ventilation. Le vieux ch\u00e2ssis en ch\u00eane veillait \u00ab\u00a0naturellement\u00a0\u00bb \u00e0 la ventilation gr\u00e2ce \u00e0 ses multiples fentes. Mais apr\u00e8s son remplacement, la ventilation \u00ab\u00a0naturelle\u00a0\u00bb est arr\u00eat\u00e9e. D&rsquo;o\u00f9 la n\u00e9cessit\u00e9 d&rsquo;en cr\u00e9er une nouvelle ! Cette nouvelle ventilation sera \u00ab\u00a0intelligente\u00a0\u00bb et ne sera plus vorace en \u00e9nergie : la ventilation forc\u00e9e avec le dispositif de r\u00e9cup\u00e9ration de chaleur r\u00e9pond \u00e0 cette \u00e9volution.<\/p>\n<p>Les anciens b\u00e2timents peuvent \u00e9galement \u00eatre isol\u00e9s par l&rsquo;ext\u00e9rieur avec du polystyr\u00e8ne ou enduits ce qui engendre un confort thermique. De plus en plus de communes permettent maintenant d&#8217;empi\u00e9ter sur la voirie pour isoler une fa\u00e7ade m\u00eame si elle jouxte sur le trottoir. M\u00eame les murs mitoyens peuvent des fois \u00eatre isol\u00e9s du c\u00f4t\u00e9 ext\u00e9rieur et il conviendra de trouver un accord avec son voisin. Souvent, les voisins y trouvent un avantage car ils permettent l&rsquo;enjolivement du mur mitoyen. Ceci permet parfois de solutionner des probl\u00e8mes d&rsquo;humidit\u00e9 suite aux expositions de ces murs aux eaux de pluie.<\/p>\n<p>La production de chaleur et d\u2019\u00e9lectricit\u00e9 pour les besoins du b\u00e2timent sont \u00e9galement \u00e0 \u00e9tudier avec minutie : chaudi\u00e8re \u00e0 condensation, pompe \u00e0 chaleur, micro-g\u00e9n\u00e9ration, panneaux photovolta\u00efques, panneaux solaires, tant de possibilit\u00e9s qui s&rsquo;offrent \u00e0 vous lors de l&rsquo;\u00e9laboration de votre projet.<\/p>\n","protected":false},"excerpt":{"rendered":"<p>Le tissus urbain contribue \u00e9norm\u00e9ment \u00e0 la production du CO2. La meilleure fa\u00e7on de diminuer cette&#8230; <span class=\"moreLink\"><a href=\"https:\/\/www.xvdl.be\/fr\/je-construis-je-pense-au-co2-je-pense-au-bio\/\">+<\/a><\/span><\/p>\n","protected":false},"author":1,"featured_media":0,"parent":0,"menu_order":0,"comment_status":"closed","ping_status":"open","template":"","meta":{"_acf_changed":false,"footnotes":""},"categories":[],"tags":[],"class_list":["post-687","page","type-page","status-publish","hentry"],"acf":[],"yoast_head":"<!-- This site is optimized with the Yoast SEO plugin v27.4 - https:\/\/yoast.com\/product\/yoast-seo-wordpress\/ -->\n<title>Je construis, je pense au CO2, je pense au Bio - Xavier Vanderlinden Architecte<\/title>\n<meta name=\"robots\" content=\"index, follow, max-snippet:-1, max-image-preview:large, max-video-preview:-1\" \/>\n<link rel=\"canonical\" href=\"https:\/\/www.xvdl.be\/fr\/je-construis-je-pense-au-co2-je-pense-au-bio\/\" \/>\n<meta property=\"og:locale\" content=\"fr_FR\" \/>\n<meta property=\"og:type\" content=\"article\" \/>\n<meta property=\"og:title\" content=\"Je construis, je pense au CO2, je pense au Bio - Xavier Vanderlinden Architecte\" \/>\n<meta property=\"og:description\" content=\"Le tissus urbain contribue \u00e9norm\u00e9ment \u00e0 la production du CO2. La meilleure fa\u00e7on de diminuer cette... +\" \/>\n<meta property=\"og:url\" content=\"https:\/\/www.xvdl.be\/fr\/je-construis-je-pense-au-co2-je-pense-au-bio\/\" \/>\n<meta property=\"og:site_name\" content=\"Xavier Vanderlinden Architecte\" \/>\n<meta property=\"article:modified_time\" content=\"2024-02-26T12:50:46+00:00\" \/>\n<meta name=\"twitter:label1\" content=\"Dur\u00e9e de lecture estim\u00e9e\" \/>\n\t<meta name=\"twitter:data1\" content=\"3 minutes\" \/>\n<script type=\"application\/ld+json\" class=\"yoast-schema-graph\">{\"@context\":\"https:\\\/\\\/schema.org\",\"@graph\":[{\"@type\":\"WebPage\",\"@id\":\"https:\\\/\\\/www.xvdl.be\\\/fr\\\/je-construis-je-pense-au-co2-je-pense-au-bio\\\/\",\"url\":\"https:\\\/\\\/www.xvdl.be\\\/fr\\\/je-construis-je-pense-au-co2-je-pense-au-bio\\\/\",\"name\":\"Je construis, je pense au CO2, je pense au Bio - Xavier Vanderlinden Architecte\",\"isPartOf\":{\"@id\":\"https:\\\/\\\/www.xvdl.be\\\/fr\\\/#website\"},\"datePublished\":\"2014-01-11T10:13:46+00:00\",\"dateModified\":\"2024-02-26T12:50:46+00:00\",\"breadcrumb\":{\"@id\":\"https:\\\/\\\/www.xvdl.be\\\/fr\\\/je-construis-je-pense-au-co2-je-pense-au-bio\\\/#breadcrumb\"},\"inLanguage\":\"fr-FR\",\"potentialAction\":[{\"@type\":\"ReadAction\",\"target\":[\"https:\\\/\\\/www.xvdl.be\\\/fr\\\/je-construis-je-pense-au-co2-je-pense-au-bio\\\/\"]}]},{\"@type\":\"BreadcrumbList\",\"@id\":\"https:\\\/\\\/www.xvdl.be\\\/fr\\\/je-construis-je-pense-au-co2-je-pense-au-bio\\\/#breadcrumb\",\"itemListElement\":[{\"@type\":\"ListItem\",\"position\":1,\"name\":\"Home\",\"item\":\"https:\\\/\\\/www.xvdl.be\\\/fr\\\/\"},{\"@type\":\"ListItem\",\"position\":2,\"name\":\"Je construis, je pense au CO2, je pense au Bio\"}]},{\"@type\":\"WebSite\",\"@id\":\"https:\\\/\\\/www.xvdl.be\\\/fr\\\/#website\",\"url\":\"https:\\\/\\\/www.xvdl.be\\\/fr\\\/\",\"name\":\"Xavier Vanderlinden Architecte\",\"description\":\"Bureau d&#039;\u00e9tude en architecture classique et contemporaine\",\"publisher\":{\"@id\":\"https:\\\/\\\/www.xvdl.be\\\/fr\\\/#organization\"},\"potentialAction\":[{\"@type\":\"SearchAction\",\"target\":{\"@type\":\"EntryPoint\",\"urlTemplate\":\"https:\\\/\\\/www.xvdl.be\\\/fr\\\/?s={search_term_string}\"},\"query-input\":{\"@type\":\"PropertyValueSpecification\",\"valueRequired\":true,\"valueName\":\"search_term_string\"}}],\"inLanguage\":\"fr-FR\"},{\"@type\":\"Organization\",\"@id\":\"https:\\\/\\\/www.xvdl.be\\\/fr\\\/#organization\",\"name\":\"Xavier Vanderlinden Architecte\",\"url\":\"https:\\\/\\\/www.xvdl.be\\\/fr\\\/\",\"logo\":{\"@type\":\"ImageObject\",\"inLanguage\":\"fr-FR\",\"@id\":\"https:\\\/\\\/www.xvdl.be\\\/fr\\\/#\\\/schema\\\/logo\\\/image\\\/\",\"url\":\"https:\\\/\\\/www.xvdl.be\\\/wp-content\\\/uploads\\\/2022\\\/08\\\/XVDL_fb-image.jpg\",\"contentUrl\":\"https:\\\/\\\/www.xvdl.be\\\/wp-content\\\/uploads\\\/2022\\\/08\\\/XVDL_fb-image.jpg\",\"width\":1200,\"height\":630,\"caption\":\"Xavier Vanderlinden Architecte\"},\"image\":{\"@id\":\"https:\\\/\\\/www.xvdl.be\\\/fr\\\/#\\\/schema\\\/logo\\\/image\\\/\"}}]}<\/script>\n<!-- \/ Yoast SEO plugin. -->","yoast_head_json":{"title":"Je construis, je pense au CO2, je pense au Bio - Xavier Vanderlinden Architecte","robots":{"index":"index","follow":"follow","max-snippet":"max-snippet:-1","max-image-preview":"max-image-preview:large","max-video-preview":"max-video-preview:-1"},"canonical":"https:\/\/www.xvdl.be\/fr\/je-construis-je-pense-au-co2-je-pense-au-bio\/","og_locale":"fr_FR","og_type":"article","og_title":"Je construis, je pense au CO2, je pense au Bio - Xavier Vanderlinden Architecte","og_description":"Le tissus urbain contribue \u00e9norm\u00e9ment \u00e0 la production du CO2. La meilleure fa\u00e7on de diminuer cette... +","og_url":"https:\/\/www.xvdl.be\/fr\/je-construis-je-pense-au-co2-je-pense-au-bio\/","og_site_name":"Xavier Vanderlinden Architecte","article_modified_time":"2024-02-26T12:50:46+00:00","twitter_misc":{"Dur\u00e9e de lecture estim\u00e9e":"3 minutes"},"schema":{"@context":"https:\/\/schema.org","@graph":[{"@type":"WebPage","@id":"https:\/\/www.xvdl.be\/fr\/je-construis-je-pense-au-co2-je-pense-au-bio\/","url":"https:\/\/www.xvdl.be\/fr\/je-construis-je-pense-au-co2-je-pense-au-bio\/","name":"Je construis, je pense au CO2, je pense au Bio - Xavier Vanderlinden Architecte","isPartOf":{"@id":"https:\/\/www.xvdl.be\/fr\/#website"},"datePublished":"2014-01-11T10:13:46+00:00","dateModified":"2024-02-26T12:50:46+00:00","breadcrumb":{"@id":"https:\/\/www.xvdl.be\/fr\/je-construis-je-pense-au-co2-je-pense-au-bio\/#breadcrumb"},"inLanguage":"fr-FR","potentialAction":[{"@type":"ReadAction","target":["https:\/\/www.xvdl.be\/fr\/je-construis-je-pense-au-co2-je-pense-au-bio\/"]}]},{"@type":"BreadcrumbList","@id":"https:\/\/www.xvdl.be\/fr\/je-construis-je-pense-au-co2-je-pense-au-bio\/#breadcrumb","itemListElement":[{"@type":"ListItem","position":1,"name":"Home","item":"https:\/\/www.xvdl.be\/fr\/"},{"@type":"ListItem","position":2,"name":"Je construis, je pense au CO2, je pense au Bio"}]},{"@type":"WebSite","@id":"https:\/\/www.xvdl.be\/fr\/#website","url":"https:\/\/www.xvdl.be\/fr\/","name":"Xavier Vanderlinden Architecte","description":"Bureau d&#039;\u00e9tude en architecture classique et contemporaine","publisher":{"@id":"https:\/\/www.xvdl.be\/fr\/#organization"},"potentialAction":[{"@type":"SearchAction","target":{"@type":"EntryPoint","urlTemplate":"https:\/\/www.xvdl.be\/fr\/?s={search_term_string}"},"query-input":{"@type":"PropertyValueSpecification","valueRequired":true,"valueName":"search_term_string"}}],"inLanguage":"fr-FR"},{"@type":"Organization","@id":"https:\/\/www.xvdl.be\/fr\/#organization","name":"Xavier Vanderlinden Architecte","url":"https:\/\/www.xvdl.be\/fr\/","logo":{"@type":"ImageObject","inLanguage":"fr-FR","@id":"https:\/\/www.xvdl.be\/fr\/#\/schema\/logo\/image\/","url":"https:\/\/www.xvdl.be\/wp-content\/uploads\/2022\/08\/XVDL_fb-image.jpg","contentUrl":"https:\/\/www.xvdl.be\/wp-content\/uploads\/2022\/08\/XVDL_fb-image.jpg","width":1200,"height":630,"caption":"Xavier Vanderlinden Architecte"},"image":{"@id":"https:\/\/www.xvdl.be\/fr\/#\/schema\/logo\/image\/"}}]}},"_links":{"self":[{"href":"https:\/\/www.xvdl.be\/fr\/wp-json\/wp\/v2\/pages\/687","targetHints":{"allow":["GET"]}}],"collection":[{"href":"https:\/\/www.xvdl.be\/fr\/wp-json\/wp\/v2\/pages"}],"about":[{"href":"https:\/\/www.xvdl.be\/fr\/wp-json\/wp\/v2\/types\/page"}],"author":[{"embeddable":true,"href":"https:\/\/www.xvdl.be\/fr\/wp-json\/wp\/v2\/users\/1"}],"replies":[{"embeddable":true,"href":"https:\/\/www.xvdl.be\/fr\/wp-json\/wp\/v2\/comments?post=687"}],"version-history":[{"count":1,"href":"https:\/\/www.xvdl.be\/fr\/wp-json\/wp\/v2\/pages\/687\/revisions"}],"predecessor-version":[{"id":2547,"href":"https:\/\/www.xvdl.be\/fr\/wp-json\/wp\/v2\/pages\/687\/revisions\/2547"}],"wp:attachment":[{"href":"https:\/\/www.xvdl.be\/fr\/wp-json\/wp\/v2\/media?parent=687"}],"wp:term":[{"taxonomy":"category","embeddable":true,"href":"https:\/\/www.xvdl.be\/fr\/wp-json\/wp\/v2\/categories?post=687"},{"taxonomy":"post_tag","embeddable":true,"href":"https:\/\/www.xvdl.be\/fr\/wp-json\/wp\/v2\/tags?post=687"}],"curies":[{"name":"wp","href":"https:\/\/api.w.org\/{rel}","templated":true}]}}