{"id":675,"date":"2014-01-11T09:55:15","date_gmt":"2014-01-11T08:55:15","guid":{"rendered":"https:\/\/www.xvdl.be\/?page_id=675"},"modified":"2024-02-26T13:50:46","modified_gmt":"2024-02-26T12:50:46","slug":"les-quatre-formules-de-construction","status":"publish","type":"page","link":"https:\/\/www.xvdl.be\/fr\/les-quatre-formules-de-construction\/","title":{"rendered":"Les quatre formules de construction"},"content":{"rendered":"<p>Un architecte, pourquoi ? Dans l&rsquo;esprit de la loi de 1939 qui donne \u00e0 l&rsquo;architecte un monopole, le l\u00e9gislateur a voulu cr\u00e9er un cadre l\u00e9gal assurant au b\u00e2tisseur (ma\u00eetre de l&rsquo;ouvrage) une protection technique et juridique lors de l&rsquo;acte de construire.<\/p>\n<p>Pour construire, transformer ou r\u00e9nover on distinguera quatre proc\u00e9dures diff\u00e9rentes, chacune repr\u00e9sentant des avantages et des inconv\u00e9nients :<\/p>\n<ol>\n<li><strong>\u2028Architecte + entreprises s\u00e9par\u00e9es<\/strong><\/li>\n<li><strong>Architecte + entreprises s\u00e9par\u00e9es + garantie de prix et de d\u00e9lai offertes par une compagnie d&rsquo;assurance (Asbl Architectes-B\u00e2tisseurs)<\/strong><\/li>\n<li><strong>Architecte + entreprise g\u00e9n\u00e9rale<\/strong><\/li>\n<li><strong>Promoteur uniquement<\/strong><\/li>\n<\/ol>\n<h2>1. Architecte + entreprises s\u00e9par\u00e9es<\/h2>\n<p>Dans cette proc\u00e9dure, le b\u00e2tisseur se met d&rsquo;abord en rapport avec un architecte de son choix. Ensuite, avec ou sans l&rsquo;assistance de celui-ci, il met au point une s\u00e9rie de contrats avec des corps de m\u00e9tier s\u00e9par\u00e9s. Il doit donc proc\u00e9der \u00e0 plusieurs ap\u00adpels d&rsquo;offres de prix et de d\u00e9lais pour la r\u00e9alisation du gros \u0153uvre, charpenterie, toiture, pour l&rsquo;installation du chauffage, de la plomberie, de l&rsquo;\u00e9lec\u00adtricit\u00e9, etc.<\/p>\n<h3>Les avantages<\/h3>\n<p>Avec cette proc\u00e9dure, le ma\u00eetre de l&rsquo;ouvrage peut faire construire ou transformer une habitation sur mesure, se rapprochant au plus pr\u00e8s de la maison de ses r\u00eaves. Il d\u00e9cide en toute libert\u00e9 avec son architecte du style de la mai\u00adson, de l&rsquo;am\u00e9nagement des pi\u00e8ces, des mat\u00e9riaux \u00e0 utiliser, etc.<br \/>\nLa r\u00e9alisation d&rsquo;appels d&rsquo;offres \u00e0 l&rsquo;aide des cahiers de charges et de m\u00e9tr\u00e9s mis au point par l&rsquo;architecte et transmis \u00e0 diverses entreprises de charpenterie, de carrelages, etc., permet de choisir les offres les plus int\u00e9ressantes et de faire jouer la concurrence. Cette solution est donc consid\u00e9r\u00e9e comme plus \u00e9conomique que d&rsquo;autres, bien que cette solution ne soit pas la plus \u00e9tanche.<\/p>\n<h3>Les inconv\u00e9nients<\/h3>\n<p>Ce proc\u00e9d\u00e9 exige beaucoup de travail, ainsi qu&rsquo;un grand sens de l&rsquo;or\u00adganisation de la part du propri\u00e9taire. La coordination des travaux n\u00e9cessite en outre des connaissances approfondies du processus de la construction. Ce qui ne coule pas de source pour bon nombre de propri\u00e9taires.<br \/>\nPlusieurs contrats doivent \u00eatre r\u00e9dig\u00e9s (dix \u00e0 douze), et il est indispensable que tout s&rsquo;agence de mani\u00e8re optimale, afin que les di\u00advers corps de m\u00e9tier puissent se succ\u00e9der rapidement et sans probl\u00e8mes. Si l&rsquo;un des corps de m\u00e9tier ne termine pas son travail au moment pr\u00e9vu, il peut provoquer des retards impor\u00adtants.<\/p>\n<p>Une entreprise d\u00e9faillante en cours de chantier peut conduire ce chantier vers des r\u00e9visions de prix importantes.\u2028Le propri\u00e9taire peut charger son architecte de cette lourde t\u00e2che ce qui repr\u00e9sente un suppl\u00e9ment d&rsquo;honoraires.<\/p>\n<h2>2.\u00a0 Architecte + entreprises s\u00e9par\u00e9es + garantie de prix et de d\u00e9lai offerte par une compagnie d&rsquo;assurance.<\/h2>\n<p>Cette proc\u00e9dure s&rsquo;inspire de la premi\u00e8re formule, mais l&rsquo;architecte est engag\u00e9 dans une mission totale comprenant toutes les d\u00e9marches l\u00e9gales, la coordination des travaux ainsi qu&rsquo;un mandat pour la conduite du chantier. La ma\u00eetrise du chantier de A \u00e0 Z permet \u00e0 l&rsquo;architecte d&rsquo;offrir au propri\u00e9taire une garantie du prix et du d\u00e9lai de la construction certifi\u00e9e par une compagnie d&rsquo;assurance.<\/p>\n<p>Ainsi, apr\u00e8s la d\u00e9finition de la maison de ses r\u00eaves, le propri\u00e9taire confie \u00e0 l&rsquo;architecte toutes les t\u00e2ches n\u00e9cessaires pour conduire sa construction \u00e0 l&rsquo;ach\u00e8vement total, \u00a0jusqu&rsquo;\u00e0 la pose de la poign\u00e9e sur la porte d&rsquo;entr\u00e9e.<br \/>\nL&rsquo;architecte \u00e9tablit lui-m\u00eame tous les contrats avec les corps de m\u00e9tier s\u00e9par\u00e9s apr\u00e8s appel d&rsquo;offre et agence \u00e9galement le chantier de fa\u00e7on optimale : il est donc l&rsquo;interlocuteur unique du propri\u00e9taire, que ce soit au niveau du projet ou de la mise en \u0153uvre.<\/p>\n<h3>Les avantages<\/h3>\n<p>Cette formule a \u00e9t\u00e9 mise au point au d\u00e9but des ann\u00e9es &rsquo;80 par l&rsquo;asbl des Architectes-B\u00e2tisseurs ( <a title=\"Architectes Batisseurs\" href=\"http:\/\/www.a-b.be\/\" target=\"_blank\" rel=\"noopener\">http:\/\/www.a-b.be\/<\/a> ) et offre au ma\u00eetre de l&rsquo;ouvrage la possibilit\u00e9 de recourir \u00e0 la premi\u00e8re formule sans en subir les inconv\u00e9nients. La garantie couvre jusqu&rsquo;\u00e0 35% de d\u00e9passement de prix et de d\u00e9lai.<br \/>\nLe ma\u00eetre de l&rsquo;ouvrage est lib\u00e9r\u00e9 de tous les tracas de chantier : l\u2019architecte ag\u00eet pour le compte du propri\u00e9taire qui peut s&rsquo;enqu\u00e9rir de l&rsquo;ind\u00e9pendance int\u00e9grale de son architecte vis-\u00e0-vis des corps de m\u00e9tier.<br \/>\nDans cette formule, le propri\u00e9taire est d&rsquo;autant plus \u00e9pargn\u00e9 de soucis lorsqu&rsquo;il s&rsquo;agit d&rsquo;une transformation, d\u2019une r\u00e9novation ou d\u2019un examen technique pr\u00e9alable approfondi des lieux, examen incontournable car il pr\u00e9voit au maximum l&rsquo;impr\u00e9visible et pr\u00e9voit donc par cons\u00e9quent le prix de la transformation.<\/p>\n<h3>Les inconv\u00e9nients<\/h3>\n<p>Cette formule qui corrige les inconv\u00e9nients de la premi\u00e8re, comporte peu de d\u00e9savantages si ce n\u2019est le fait que le choix de l&rsquo;architecte se limite aux 50 membres des Architectes-B\u00e2tisseurs Asbl.<br \/>\nLa mission \u00e9tendue de l&rsquo;architecte oblige le ma\u00eetre de l&rsquo;ouvrage \u00e0 payer plus d&rsquo;honoraires, cependant le co\u00fbt total de la construction (comprenant les honoraires) s&rsquo;av\u00e9rera \u00eatre aussi \u00e9conomique que la premi\u00e8re solution.<\/p>\n<h2>3. Architecte + entreprise g\u00e9n\u00e9rale<\/h2>\n<p>Dans cette proc\u00e9dure, le ma\u00eetre de l&rsquo;ouvrage engage \u00e9galement son architecte en premier lieu. Ensemble, ils font le choix d&rsquo;une entreprise g\u00e9n\u00e9rale, qui r\u00e9alise l&rsquo;ensemble de la construction. L&rsquo;entreprise g\u00e9n\u00e9rale r\u00e9ali\u00adse tout elle-m\u00eame ou peut sous-traiter une partie des travaux. Pour la mise en \u0153uvre elle reste le seule interlocuteur face au ma\u00eetre de l&rsquo;ouvrage et le seul responsable pour la conduite du chantier.<br \/>\nLe ma\u00eetre de l&rsquo;ouvrage veille \u00e0 faire respecter la loi Breyne.<\/p>\n<h3>Les avantages<\/h3>\n<p>Ici aussi, le futur propri\u00e9taire a en principe une libert\u00e9 totale quant au style de la maison, aux mat\u00e9riaux \u00e0 utiliser, etc. et il\/elle est assur\u00e9(e) par l&rsquo;ind\u00e9pendance de l&rsquo;architecte vis-\u00e0-vis des entreprises. L&rsquo;avantage principal est qu&rsquo;il n&rsquo;y a qu&rsquo;une seule firme \u00e0 enga\u00adger pour la construction, ce qui s&rsquo;av\u00e8re encore plus avantageux quand il s&rsquo;ag\u00eet de petites transformations. L&rsquo;entrepreneur g\u00e9n\u00e9ral se charge de l&rsquo;organisa\u00adtion de l&rsquo;ensemble des travaux et le propri\u00e9taire est ainsi d\u00e9charg\u00e9 des soucis de gestion de chantier.<\/p>\n<h3>\u2028\u2028Les inconv\u00e9nients<\/h3>\n<p>L&rsquo;entrepreneur assure lui-m\u00eame la coordination des travaux et la sous-traitance \u00e9ventuelle. Ces services se payent et cette formule risque donc de se r\u00e9v\u00e9ler plus ch\u00e8re.<br \/>\nLe rapport prix\/qualit\u00e9 des corps de m\u00e9tier n&rsquo;est pas toujours optimal surtout lorsqu&rsquo;il s&rsquo;ag\u00eet de sous-traitants.<br \/>\nCertains entrepreneurs g\u00e9n\u00e9raux essayent d&rsquo;imposer un architecte \u00e0 leur client, ce qui retire au propri\u00e9taire l&rsquo;assistance d&rsquo;un conseiller objectif et ind\u00e9pendant.<\/p>\n<p><strong><em>\u2028\u2028Il vaut mieux choisir son architecte soi-m\u00eame.\u2028\u2028<\/em><\/strong><\/p>\n<p>Disposer de son propre architecte constitue, on le comprendra, une opportunit\u00e9 de contr\u00f4le incontournable.<br \/>\nSi l&rsquo;entrepreneur g\u00e9n\u00e9ral impose son architecte, il vaut mieux travailler avec deux architectes :<\/p>\n<ul>\n<li>\u2028l&rsquo;un de l&rsquo;entreprise qui veille au concept et \u00e0 la demande de b\u00e2tir, et<\/li>\n<li>l&rsquo;autre que l&rsquo;on aura choisi soi-m\u00eame et qui se chargera d&rsquo;une mission partielle : l&rsquo;analyse du cahier des charges, un contr\u00f4le limit\u00e9 du chantier et une assistance au moment de la r\u00e9ception provisoire et de la r\u00e9ception d\u00e9finitive.<\/li>\n<\/ul>\n<p>Quoi qu&rsquo;il en soit, il faut toujours \u00e9tablir clairement noir sur blanc ce que l&rsquo;on attend de l&rsquo;architecte ainsi que de l\u2019aspect financier relatif \u00e0 son intervention.<\/p>\n<h2>4. Promoteur uniquement<\/h2>\n<p>Ici, le ma\u00eetre de l&rsquo;ouvrage passe un seul et unique contrat avec un promoteur. Ce dernier pr\u00e9sente des avant-projets et des plans \u00e9tablis habituellement par un architecte de son choix. Le promoteur se charge ensuite de la r\u00e9alisation compl\u00e8te de la construction.<br \/>\nLe ma\u00eetre de l&rsquo;ouvrage veille \u00e0 faire respecter la loi Breyne.<\/p>\n<h3>Les avantages<\/h3>\n<p>Comme dans la 2\u00e8me et 3\u00e8me solution, le b\u00e2tisseur est en princi\u00adpe d\u00e9charg\u00e9 des plus gros soucis une fois le contrat sign\u00e9. De plus, il ne doit plus chercher lui-m\u00eame un ar\u00adchitecte. Le contrat engage le promoteur quant au d\u00e9lai d&rsquo;ex\u00e9cution et au prix global.<br \/>\nLe promoteur est th\u00e9oriquement le seul interlocuteur et le seul res\u00adponsable, que ce soit pour la partie conceptuelle ou la partie de mise en \u0153uvre.<\/p>\n<h3>Les inconv\u00e9nients<\/h3>\n<p>Le choix du propri\u00e9taire est limit\u00e9 aux mod\u00e8les de maison et aux mat\u00e9\u00adriaux propos\u00e9s. Des exigences personnelles sont toujours possibles, mais celles-ci s&rsquo;av\u00e8rent souvent on\u00e9reuses.\u2028Certains tentent de pallier \u00e0 l&rsquo; inconv\u00e9nient des mod\u00e8les limit\u00e9s en pr\u00e9sentant un architecte capable de traduire les desiderata du client, mais une fois le concept termin\u00e9, l&rsquo;architecte ne demeure plus vraiment le conseiller du ma\u00eetre de l&rsquo;ouvrage.<br \/>\nM\u00eame si le promoteur organise l&rsquo;\u00e9tablissement d&rsquo;un contrat en direct entre son architecte et le client (pour r\u00e9pondre aux exigences l\u00e9gales), dans le pr\u00e9sent cas de figure, l&rsquo;architecte ne peut \u00eatre consid\u00e9r\u00e9 comme ind\u00e9pendant vis-\u00e0-vis du promoteur puisque celui-ci reste son principal fournisseur de client\u00e8le.<br \/>\nEtant donn\u00e9 qu&rsquo;il est illusoire de compter sur la r\u00e9elle objectivit\u00e9 de l&rsquo;architecte lors du contr\u00f4le du chantier et lors de l&rsquo;assistance \u00e0 la r\u00e9ception provisoire, il est recommand\u00e9 que le candidat b\u00e2tisseur fasse appel \u00e0 un architecte conseiller ou expert de son choix afin de rem\u00e9dier aux inconv\u00e9nients pr\u00e9cit\u00e9s.<br \/>\nNombreux sont les promoteurs \u00e0 se d\u00e9sint\u00e9resser des transformations.<\/p>\n<p><strong><em>\u2028\u2028Il vaut mieux choisir son architecte soi-m\u00eame.\u2028<\/em><\/strong><\/p>\n<p>Disposer de son propre architecte permet, on le comprendra, un dispositif de contr\u00f4le incontournable.\u2028\u2028Si le promoteur impose son architecte, il vaut mieux travailler avec deux architectes :<\/p>\n<ul>\n<li>l\u2019architecte du promoteur qui veille au concept et \u00e0 la demande de b\u00e2tir, et<\/li>\n<li>l&rsquo;architecte que l&rsquo;on choisit soi-m\u00eame et qui se charge d&rsquo;une mission partielle : l&rsquo;analyse du cahier des charges, un contr\u00f4le limit\u00e9 du chantier et une assistance au moment de la r\u00e9ception provisoire et de la r\u00e9ception d\u00e9finitive.<\/li>\n<\/ul>\n<p>Quoi qu&rsquo;il en soit, il faut toujours \u00e9tablir clairement noir sur blanc ce que l&rsquo;on attend de l&rsquo;architecte ainsi que de l\u2019aspect financier relatif \u00e0 son intervention.<\/p>\n","protected":false},"excerpt":{"rendered":"<p>Un architecte, pourquoi ? Dans l&rsquo;esprit de la loi de 1939 qui donne \u00e0 l&rsquo;architecte un&#8230; <span class=\"moreLink\"><a href=\"https:\/\/www.xvdl.be\/fr\/les-quatre-formules-de-construction\/\">+<\/a><\/span><\/p>\n","protected":false},"author":1,"featured_media":0,"parent":0,"menu_order":0,"comment_status":"closed","ping_status":"open","template":"","meta":{"_acf_changed":false,"footnotes":""},"categories":[],"tags":[],"class_list":["post-675","page","type-page","status-publish","hentry"],"acf":[],"yoast_head":"<!-- This site is optimized with the Yoast SEO plugin v27.4 - https:\/\/yoast.com\/product\/yoast-seo-wordpress\/ -->\n<title>Les quatre formules de construction - Xavier Vanderlinden Architecte<\/title>\n<meta name=\"robots\" content=\"index, follow, max-snippet:-1, max-image-preview:large, max-video-preview:-1\" \/>\n<link rel=\"canonical\" href=\"https:\/\/www.xvdl.be\/fr\/les-quatre-formules-de-construction\/\" \/>\n<meta property=\"og:locale\" content=\"fr_FR\" \/>\n<meta property=\"og:type\" content=\"article\" \/>\n<meta property=\"og:title\" content=\"Les quatre formules de construction - Xavier Vanderlinden Architecte\" \/>\n<meta property=\"og:description\" content=\"Un architecte, pourquoi ? Dans l&rsquo;esprit de la loi de 1939 qui donne \u00e0 l&rsquo;architecte un... +\" \/>\n<meta property=\"og:url\" content=\"https:\/\/www.xvdl.be\/fr\/les-quatre-formules-de-construction\/\" \/>\n<meta property=\"og:site_name\" content=\"Xavier Vanderlinden Architecte\" \/>\n<meta property=\"article:modified_time\" content=\"2024-02-26T12:50:46+00:00\" \/>\n<meta name=\"twitter:label1\" content=\"Dur\u00e9e de lecture estim\u00e9e\" \/>\n\t<meta name=\"twitter:data1\" content=\"8 minutes\" \/>\n<script type=\"application\/ld+json\" class=\"yoast-schema-graph\">{\"@context\":\"https:\\\/\\\/schema.org\",\"@graph\":[{\"@type\":\"WebPage\",\"@id\":\"https:\\\/\\\/www.xvdl.be\\\/fr\\\/les-quatre-formules-de-construction\\\/\",\"url\":\"https:\\\/\\\/www.xvdl.be\\\/fr\\\/les-quatre-formules-de-construction\\\/\",\"name\":\"Les quatre formules de construction - Xavier Vanderlinden Architecte\",\"isPartOf\":{\"@id\":\"https:\\\/\\\/www.xvdl.be\\\/fr\\\/#website\"},\"datePublished\":\"2014-01-11T08:55:15+00:00\",\"dateModified\":\"2024-02-26T12:50:46+00:00\",\"breadcrumb\":{\"@id\":\"https:\\\/\\\/www.xvdl.be\\\/fr\\\/les-quatre-formules-de-construction\\\/#breadcrumb\"},\"inLanguage\":\"fr-FR\",\"potentialAction\":[{\"@type\":\"ReadAction\",\"target\":[\"https:\\\/\\\/www.xvdl.be\\\/fr\\\/les-quatre-formules-de-construction\\\/\"]}]},{\"@type\":\"BreadcrumbList\",\"@id\":\"https:\\\/\\\/www.xvdl.be\\\/fr\\\/les-quatre-formules-de-construction\\\/#breadcrumb\",\"itemListElement\":[{\"@type\":\"ListItem\",\"position\":1,\"name\":\"Home\",\"item\":\"https:\\\/\\\/www.xvdl.be\\\/fr\\\/\"},{\"@type\":\"ListItem\",\"position\":2,\"name\":\"Les quatre formules de construction\"}]},{\"@type\":\"WebSite\",\"@id\":\"https:\\\/\\\/www.xvdl.be\\\/fr\\\/#website\",\"url\":\"https:\\\/\\\/www.xvdl.be\\\/fr\\\/\",\"name\":\"Xavier Vanderlinden Architecte\",\"description\":\"Bureau d&#039;\u00e9tude en architecture classique et contemporaine\",\"publisher\":{\"@id\":\"https:\\\/\\\/www.xvdl.be\\\/fr\\\/#organization\"},\"potentialAction\":[{\"@type\":\"SearchAction\",\"target\":{\"@type\":\"EntryPoint\",\"urlTemplate\":\"https:\\\/\\\/www.xvdl.be\\\/fr\\\/?s={search_term_string}\"},\"query-input\":{\"@type\":\"PropertyValueSpecification\",\"valueRequired\":true,\"valueName\":\"search_term_string\"}}],\"inLanguage\":\"fr-FR\"},{\"@type\":\"Organization\",\"@id\":\"https:\\\/\\\/www.xvdl.be\\\/fr\\\/#organization\",\"name\":\"Xavier Vanderlinden Architecte\",\"url\":\"https:\\\/\\\/www.xvdl.be\\\/fr\\\/\",\"logo\":{\"@type\":\"ImageObject\",\"inLanguage\":\"fr-FR\",\"@id\":\"https:\\\/\\\/www.xvdl.be\\\/fr\\\/#\\\/schema\\\/logo\\\/image\\\/\",\"url\":\"https:\\\/\\\/www.xvdl.be\\\/wp-content\\\/uploads\\\/2022\\\/08\\\/XVDL_fb-image.jpg\",\"contentUrl\":\"https:\\\/\\\/www.xvdl.be\\\/wp-content\\\/uploads\\\/2022\\\/08\\\/XVDL_fb-image.jpg\",\"width\":1200,\"height\":630,\"caption\":\"Xavier Vanderlinden Architecte\"},\"image\":{\"@id\":\"https:\\\/\\\/www.xvdl.be\\\/fr\\\/#\\\/schema\\\/logo\\\/image\\\/\"}}]}<\/script>\n<!-- \/ Yoast SEO plugin. -->","yoast_head_json":{"title":"Les quatre formules de construction - Xavier Vanderlinden Architecte","robots":{"index":"index","follow":"follow","max-snippet":"max-snippet:-1","max-image-preview":"max-image-preview:large","max-video-preview":"max-video-preview:-1"},"canonical":"https:\/\/www.xvdl.be\/fr\/les-quatre-formules-de-construction\/","og_locale":"fr_FR","og_type":"article","og_title":"Les quatre formules de construction - Xavier Vanderlinden Architecte","og_description":"Un architecte, pourquoi ? Dans l&rsquo;esprit de la loi de 1939 qui donne \u00e0 l&rsquo;architecte un... +","og_url":"https:\/\/www.xvdl.be\/fr\/les-quatre-formules-de-construction\/","og_site_name":"Xavier Vanderlinden Architecte","article_modified_time":"2024-02-26T12:50:46+00:00","twitter_misc":{"Dur\u00e9e de lecture estim\u00e9e":"8 minutes"},"schema":{"@context":"https:\/\/schema.org","@graph":[{"@type":"WebPage","@id":"https:\/\/www.xvdl.be\/fr\/les-quatre-formules-de-construction\/","url":"https:\/\/www.xvdl.be\/fr\/les-quatre-formules-de-construction\/","name":"Les quatre formules de construction - Xavier Vanderlinden Architecte","isPartOf":{"@id":"https:\/\/www.xvdl.be\/fr\/#website"},"datePublished":"2014-01-11T08:55:15+00:00","dateModified":"2024-02-26T12:50:46+00:00","breadcrumb":{"@id":"https:\/\/www.xvdl.be\/fr\/les-quatre-formules-de-construction\/#breadcrumb"},"inLanguage":"fr-FR","potentialAction":[{"@type":"ReadAction","target":["https:\/\/www.xvdl.be\/fr\/les-quatre-formules-de-construction\/"]}]},{"@type":"BreadcrumbList","@id":"https:\/\/www.xvdl.be\/fr\/les-quatre-formules-de-construction\/#breadcrumb","itemListElement":[{"@type":"ListItem","position":1,"name":"Home","item":"https:\/\/www.xvdl.be\/fr\/"},{"@type":"ListItem","position":2,"name":"Les quatre formules de construction"}]},{"@type":"WebSite","@id":"https:\/\/www.xvdl.be\/fr\/#website","url":"https:\/\/www.xvdl.be\/fr\/","name":"Xavier Vanderlinden Architecte","description":"Bureau d&#039;\u00e9tude en architecture classique et contemporaine","publisher":{"@id":"https:\/\/www.xvdl.be\/fr\/#organization"},"potentialAction":[{"@type":"SearchAction","target":{"@type":"EntryPoint","urlTemplate":"https:\/\/www.xvdl.be\/fr\/?s={search_term_string}"},"query-input":{"@type":"PropertyValueSpecification","valueRequired":true,"valueName":"search_term_string"}}],"inLanguage":"fr-FR"},{"@type":"Organization","@id":"https:\/\/www.xvdl.be\/fr\/#organization","name":"Xavier Vanderlinden Architecte","url":"https:\/\/www.xvdl.be\/fr\/","logo":{"@type":"ImageObject","inLanguage":"fr-FR","@id":"https:\/\/www.xvdl.be\/fr\/#\/schema\/logo\/image\/","url":"https:\/\/www.xvdl.be\/wp-content\/uploads\/2022\/08\/XVDL_fb-image.jpg","contentUrl":"https:\/\/www.xvdl.be\/wp-content\/uploads\/2022\/08\/XVDL_fb-image.jpg","width":1200,"height":630,"caption":"Xavier Vanderlinden Architecte"},"image":{"@id":"https:\/\/www.xvdl.be\/fr\/#\/schema\/logo\/image\/"}}]}},"_links":{"self":[{"href":"https:\/\/www.xvdl.be\/fr\/wp-json\/wp\/v2\/pages\/675","targetHints":{"allow":["GET"]}}],"collection":[{"href":"https:\/\/www.xvdl.be\/fr\/wp-json\/wp\/v2\/pages"}],"about":[{"href":"https:\/\/www.xvdl.be\/fr\/wp-json\/wp\/v2\/types\/page"}],"author":[{"embeddable":true,"href":"https:\/\/www.xvdl.be\/fr\/wp-json\/wp\/v2\/users\/1"}],"replies":[{"embeddable":true,"href":"https:\/\/www.xvdl.be\/fr\/wp-json\/wp\/v2\/comments?post=675"}],"version-history":[{"count":1,"href":"https:\/\/www.xvdl.be\/fr\/wp-json\/wp\/v2\/pages\/675\/revisions"}],"predecessor-version":[{"id":2548,"href":"https:\/\/www.xvdl.be\/fr\/wp-json\/wp\/v2\/pages\/675\/revisions\/2548"}],"wp:attachment":[{"href":"https:\/\/www.xvdl.be\/fr\/wp-json\/wp\/v2\/media?parent=675"}],"wp:term":[{"taxonomy":"category","embeddable":true,"href":"https:\/\/www.xvdl.be\/fr\/wp-json\/wp\/v2\/categories?post=675"},{"taxonomy":"post_tag","embeddable":true,"href":"https:\/\/www.xvdl.be\/fr\/wp-json\/wp\/v2\/tags?post=675"}],"curies":[{"name":"wp","href":"https:\/\/api.w.org\/{rel}","templated":true}]}}