{"id":33,"date":"2013-04-28T06:46:35","date_gmt":"2013-04-28T05:46:35","guid":{"rendered":"https:\/\/www.xvdl.be\/?page_id=33"},"modified":"2024-02-26T13:50:45","modified_gmt":"2024-02-26T12:50:45","slug":"welcome","status":"publish","type":"page","link":"https:\/\/www.xvdl.be\/fr\/","title":{"rendered":"Bienvenue"},"content":{"rendered":"\n<section class=\"heightBlock\" style=\"\">\n<div class=\"container\">\n<div class=\"fullHeightBox\">\n\n\n<h2 class=\"wp-block-heading\">Constructions neuves<\/h2>\n\n\n  \n\n<div class=\"gridCatPosts\">\n\n<!-- the loop -->\n\n    \n<div class=\"gridCatItem\" id=\"post-420\" style=\"background-image: url(https:\/\/www.xvdl.be\/wp-content\/uploads\/2013\/12\/tuiles_Pottelberg_Koramic.jpg)\">\n<div class=\"gridCatInner\">\n<a href=\"https:\/\/www.xvdl.be\/fr\/nos_realisations\/construction-villa-watermael-boitsfort\/\">\n<span>Construction d&rsquo;une villa \u00e0 Watermael-Boitsfort<\/span>\n<\/a>\n<\/div><!-- .gridCatInner -->\n<\/div><!-- .gridCatItem -->\n\n\n\n    \n<div class=\"gridCatItem\" id=\"post-290\" style=\"background-image: url(https:\/\/www.xvdl.be\/wp-content\/uploads\/2013\/12\/club-justine-Henin.jpg)\">\n<div class=\"gridCatInner\">\n<a href=\"https:\/\/www.xvdl.be\/fr\/nos_realisations\/renovation-agrandissement-club-tennis-limelette\/\">\n<span>R\u00e9novation et agrandissement d&rsquo;un club de tennis \u00e0 Limelette<\/span>\n<\/a>\n<\/div><!-- .gridCatInner -->\n<\/div><!-- .gridCatItem -->\n\n\n\n    \n<div class=\"gridCatItem\" id=\"post-261\" style=\"background-image: url(https:\/\/www.xvdl.be\/wp-content\/uploads\/2013\/12\/vakwerken.jpg)\">\n<div class=\"gridCatInner\">\n<a href=\"https:\/\/www.xvdl.be\/fr\/nos_realisations\/reconstruction-maison-familiale-watermael-boisfort\/\">\n<span>Reconstruction d&rsquo;une maison bi-familiale \u00e0 Watermael-Boisfort<\/span>\n<\/a>\n<\/div><!-- .gridCatInner -->\n<\/div><!-- .gridCatItem -->\n\n\n\n    \n<div class=\"gridCatItem\" id=\"post-2259\" style=\"background-image: url(https:\/\/www.xvdl.be\/wp-content\/uploads\/2018\/12\/architecten-bouwers-xavier-vanderlinden-sint-pieters-woluwe.jpg)\">\n<div class=\"gridCatInner\">\n<a href=\"https:\/\/www.xvdl.be\/fr\/nos_realisations\/etangs-mellaerts-woluwe-saint-pierre\/\">\n<span>Etangs Mellaerts Woluw\u00e9-Saint-Pierre<\/span>\n<\/a>\n<\/div><!-- .gridCatInner -->\n<\/div><!-- .gridCatItem -->\n\n\n<!-- end of the loop -->\n\n\n<\/div><!-- .gridCatPosts -->\n\n\n\n<a class=\"contentCTA\" href=\"https:\/\/www.xvdl.be\/nos_realisations\/\"><i style=\"display:none;\"><\/i> Voir plus de r\u00e9alisations<\/a>\n\n\n\n<\/div><!-- .fullHeightBox -->\n<\/div><!-- .container -->\n<\/section>\n\n\n\n<section class=\"heightBlock\" style=\"background-color: #222; \">\n<div class=\"container\">\n<div class=\"fullHeightBox\">\n\n\n<h2 class=\"has-white-color has-text-color wp-block-heading\">R\u00e9novations<\/h2>\n\n\n  \n\n<div class=\"gridCatPosts\">\n\n<!-- the loop -->\n\n    \n<div class=\"gridCatItem\" id=\"post-2059\" style=\"background-image: url(https:\/\/www.xvdl.be\/wp-content\/uploads\/2014\/10\/vakwerken.jpg)\">\n<div class=\"gridCatInner\">\n<a href=\"https:\/\/www.xvdl.be\/fr\/nos_realisations\/extension_maison_woluwe-saint-pierre\/\">\n<span>Extension d&rsquo;une maison \u00e0 Woluw\u00e9-Saint-Pierre<\/span>\n<\/a>\n<\/div><!-- .gridCatInner -->\n<\/div><!-- .gridCatItem -->\n\n\n\n    \n<div class=\"gridCatItem\" id=\"post-432\" style=\"background-image: url(https:\/\/www.xvdl.be\/wp-content\/uploads\/2013\/12\/dak_wolfseind_toit_croupe.jpg)\">\n<div class=\"gridCatInner\">\n<a href=\"https:\/\/www.xvdl.be\/fr\/nos_realisations\/agrandissement-villa-watermael-boitsfort\/\">\n<span>Agrandissement d&rsquo;une villa en bordure de for\u00eat<\/span>\n<\/a>\n<\/div><!-- .gridCatInner -->\n<\/div><!-- .gridCatItem -->\n\n\n\n    \n<div class=\"gridCatItem\" id=\"post-2214\" style=\"background-image: url(https:\/\/www.xvdl.be\/wp-content\/uploads\/2017\/02\/tele-secours-architect-xavier-vanderlinden.jpg)\">\n<div class=\"gridCatInner\">\n<a href=\"https:\/\/www.xvdl.be\/fr\/nos_realisations\/transformation-dune-maison-de-maitre-immeuble-bureaux-tele-secours-asbl\/\">\n<span>transformation d\u2019une maison de ma\u00eetre en immeuble bureaux pour T\u00e9l\u00e9-Secours ASBL<\/span>\n<\/a>\n<\/div><!-- .gridCatInner -->\n<\/div><!-- .gridCatItem -->\n\n\n\n    \n<div class=\"gridCatItem\" id=\"post-361\" style=\"background-image: url(https:\/\/www.xvdl.be\/wp-content\/uploads\/2013\/12\/verbouwing_renovation.jpg)\">\n<div class=\"gridCatInner\">\n<a href=\"https:\/\/www.xvdl.be\/fr\/nos_realisations\/renovation-extention-maison-trois-facades-berchem-sainte-agathe\/\">\n<span>R\u00e9novation et extention d&rsquo;une maison trois fa\u00e7ades \u00e0 Berchem-Sainte-Agathe<\/span>\n<\/a>\n<\/div><!-- .gridCatInner -->\n<\/div><!-- .gridCatItem -->\n\n\n<!-- end of the loop -->\n\n\n<\/div><!-- .gridCatPosts -->\n\n\n\n<a class=\"contentCTA\" href=\"https:\/\/www.xvdl.be\/nos_realisations\/\"><i style=\"display:none;\"><\/i> Voir plus de r\u00e9alisations<\/a>\n\n\n\n<\/div><!-- .fullHeightBox -->\n<\/div><!-- .container -->\n<\/section>\n\n\n\n<section class=\"heightBlock\" style=\"background-color: #ffffff; \">\n<div class=\"container\">\n<div class=\"fullHeightBox\">\n\n\n<div class=\"wp-block-columns is-layout-flex wp-container-core-columns-is-layout-9d6595d7 wp-block-columns-is-layout-flex\">\n<div class=\"wp-block-column is-layout-flow wp-block-column-is-layout-flow\">\n<h2 class=\"wp-block-heading\">Contact<\/h2>\n\n\n\n<p><strong>Xavier Vanderlinden Architecte<\/strong><br>Avenue des Villas, 97<br>1190 Bruxelles<\/p>\n\n\n\n<p>Mail: info@xvdl.be<br>GSM: +32 (0)475 28 76 08<br>Tel: +32 (0)2 534 10 22<br>Fax: +32 (0)2 534 24 37<\/p>\n<\/div>\n\n\n\n<div class=\"wp-block-column is-layout-flow wp-block-column-is-layout-flow\">\n<iframe src=\"https:\/\/www.google.com\/maps\/embed?pb=!1m18!1m12!1m3!1d2520.372082235204!2d4.335578951923394!3d50.82427157942832!2m3!1f0!2f0!3f0!3m2!1i1024!2i768!4f13.1!3m3!1m2!1s0x47c3c443b8721e4b%3A0xa4b7667495b60f3c!2sAv.%20des%20Villas%2097%2C%201190%20Forest!5e0!3m2!1sfr!2sbe!4v1660631049444!5m2!1sfr!2sbe\" width=\"\" height=\"450\" style=\"border:0; width:100%;\" allowfullscreen=\"\" loading=\"lazy\" referrerpolicy=\"no-referrer-when-downgrade\"><\/iframe>\n<\/div>\n<\/div>\n\n\n<\/div><!-- .fullHeightBox -->\n<\/div><!-- .container -->\n<\/section>\n","protected":false},"excerpt":{"rendered":"","protected":false},"author":1,"featured_media":0,"parent":0,"menu_order":0,"comment_status":"closed","ping_status":"closed","template":"page-home.php","meta":{"_acf_changed":false,"footnotes":""},"categories":[],"tags":[],"class_list":["post-33","page","type-page","status-publish","hentry"],"acf":[],"yoast_head":"<!-- This site is optimized with the Yoast SEO plugin v27.4 - https:\/\/yoast.com\/product\/yoast-seo-wordpress\/ -->\n<title>Xavier Vanderlinden Architecte \u00e0 Bruxelles, Brabant Wallon et Flamand<\/title>\n<meta name=\"description\" content=\"Architecte classique et contemporain \u00e0 Bruxelles, Brabant Wallon et Brabant Flamand. Membre des Architectes-B\u00e2tisseurs et expert en construction.\" \/>\n<meta name=\"robots\" content=\"index, follow, max-snippet:-1, max-image-preview:large, max-video-preview:-1\" \/>\n<link rel=\"canonical\" href=\"https:\/\/www.xvdl.be\/fr\/\" \/>\n<meta property=\"og:locale\" content=\"fr_FR\" \/>\n<meta property=\"og:type\" content=\"article\" \/>\n<meta property=\"og:title\" content=\"Xavier Vanderlinden Architecte \u00e0 Bruxelles, Brabant Wallon et Flamand\" \/>\n<meta property=\"og:description\" content=\"Architecte classique et contemporain \u00e0 Bruxelles, Brabant Wallon et Brabant Flamand. Membre des Architectes-B\u00e2tisseurs et expert en construction.\" \/>\n<meta property=\"og:url\" content=\"https:\/\/www.xvdl.be\/fr\/\" \/>\n<meta property=\"og:site_name\" content=\"Xavier Vanderlinden Architecte\" \/>\n<meta property=\"article:modified_time\" content=\"2024-02-26T12:50:45+00:00\" \/>\n<meta property=\"og:image\" content=\"https:\/\/www.xvdl.be\/wp-content\/uploads\/2022\/08\/XVDL_fb-image.jpg\" \/>\n\t<meta property=\"og:image:width\" content=\"1200\" \/>\n\t<meta property=\"og:image:height\" content=\"630\" \/>\n\t<meta property=\"og:image:type\" content=\"image\/jpeg\" \/>\n<meta name=\"twitter:label1\" content=\"Dur\u00e9e de lecture estim\u00e9e\" \/>\n\t<meta name=\"twitter:data1\" content=\"1 minute\" \/>\n<script type=\"application\/ld+json\" class=\"yoast-schema-graph\">{\"@context\":\"https:\\\/\\\/schema.org\",\"@graph\":[{\"@type\":\"WebPage\",\"@id\":\"https:\\\/\\\/www.xvdl.be\\\/fr\\\/\",\"url\":\"https:\\\/\\\/www.xvdl.be\\\/fr\\\/\",\"name\":\"Xavier Vanderlinden Architecte \u00e0 Bruxelles, Brabant Wallon et Flamand\",\"isPartOf\":{\"@id\":\"https:\\\/\\\/www.xvdl.be\\\/fr\\\/#website\"},\"datePublished\":\"2013-04-28T05:46:35+00:00\",\"dateModified\":\"2024-02-26T12:50:45+00:00\",\"description\":\"Architecte classique et contemporain \u00e0 Bruxelles, Brabant Wallon et Brabant Flamand. Membre des Architectes-B\u00e2tisseurs et expert en construction.\",\"breadcrumb\":{\"@id\":\"https:\\\/\\\/www.xvdl.be\\\/fr\\\/#breadcrumb\"},\"inLanguage\":\"fr-FR\",\"potentialAction\":[{\"@type\":\"ReadAction\",\"target\":[\"https:\\\/\\\/www.xvdl.be\\\/fr\\\/\"]}]},{\"@type\":\"BreadcrumbList\",\"@id\":\"https:\\\/\\\/www.xvdl.be\\\/fr\\\/#breadcrumb\",\"itemListElement\":[{\"@type\":\"ListItem\",\"position\":1,\"name\":\"Home\",\"item\":\"https:\\\/\\\/www.xvdl.be\\\/fr\\\/\"},{\"@type\":\"ListItem\",\"position\":2,\"name\":\"Bienvenue\"}]},{\"@type\":\"WebSite\",\"@id\":\"https:\\\/\\\/www.xvdl.be\\\/fr\\\/#website\",\"url\":\"https:\\\/\\\/www.xvdl.be\\\/fr\\\/\",\"name\":\"Xavier Vanderlinden Architecte\",\"description\":\"Bureau d&#039;\u00e9tude en architecture classique et contemporaine\",\"publisher\":{\"@id\":\"https:\\\/\\\/www.xvdl.be\\\/fr\\\/#organization\"},\"potentialAction\":[{\"@type\":\"SearchAction\",\"target\":{\"@type\":\"EntryPoint\",\"urlTemplate\":\"https:\\\/\\\/www.xvdl.be\\\/fr\\\/?s={search_term_string}\"},\"query-input\":{\"@type\":\"PropertyValueSpecification\",\"valueRequired\":true,\"valueName\":\"search_term_string\"}}],\"inLanguage\":\"fr-FR\"},{\"@type\":\"Organization\",\"@id\":\"https:\\\/\\\/www.xvdl.be\\\/fr\\\/#organization\",\"name\":\"Xavier Vanderlinden Architecte\",\"url\":\"https:\\\/\\\/www.xvdl.be\\\/fr\\\/\",\"logo\":{\"@type\":\"ImageObject\",\"inLanguage\":\"fr-FR\",\"@id\":\"https:\\\/\\\/www.xvdl.be\\\/fr\\\/#\\\/schema\\\/logo\\\/image\\\/\",\"url\":\"https:\\\/\\\/www.xvdl.be\\\/wp-content\\\/uploads\\\/2022\\\/08\\\/XVDL_fb-image.jpg\",\"contentUrl\":\"https:\\\/\\\/www.xvdl.be\\\/wp-content\\\/uploads\\\/2022\\\/08\\\/XVDL_fb-image.jpg\",\"width\":1200,\"height\":630,\"caption\":\"Xavier Vanderlinden Architecte\"},\"image\":{\"@id\":\"https:\\\/\\\/www.xvdl.be\\\/fr\\\/#\\\/schema\\\/logo\\\/image\\\/\"}}]}<\/script>\n<!-- \/ Yoast SEO plugin. -->","yoast_head_json":{"title":"Xavier Vanderlinden Architecte \u00e0 Bruxelles, Brabant Wallon et Flamand","description":"Architecte classique et contemporain \u00e0 Bruxelles, Brabant Wallon et Brabant Flamand. Membre des Architectes-B\u00e2tisseurs et expert en construction.","robots":{"index":"index","follow":"follow","max-snippet":"max-snippet:-1","max-image-preview":"max-image-preview:large","max-video-preview":"max-video-preview:-1"},"canonical":"https:\/\/www.xvdl.be\/fr\/","og_locale":"fr_FR","og_type":"article","og_title":"Xavier Vanderlinden Architecte \u00e0 Bruxelles, Brabant Wallon et Flamand","og_description":"Architecte classique et contemporain \u00e0 Bruxelles, Brabant Wallon et Brabant Flamand. Membre des Architectes-B\u00e2tisseurs et expert en construction.","og_url":"https:\/\/www.xvdl.be\/fr\/","og_site_name":"Xavier Vanderlinden Architecte","article_modified_time":"2024-02-26T12:50:45+00:00","og_image":[{"width":1200,"height":630,"url":"https:\/\/www.xvdl.be\/wp-content\/uploads\/2022\/08\/XVDL_fb-image.jpg","type":"image\/jpeg"}],"twitter_misc":{"Dur\u00e9e de lecture estim\u00e9e":"1 minute"},"schema":{"@context":"https:\/\/schema.org","@graph":[{"@type":"WebPage","@id":"https:\/\/www.xvdl.be\/fr\/","url":"https:\/\/www.xvdl.be\/fr\/","name":"Xavier Vanderlinden Architecte \u00e0 Bruxelles, Brabant Wallon et Flamand","isPartOf":{"@id":"https:\/\/www.xvdl.be\/fr\/#website"},"datePublished":"2013-04-28T05:46:35+00:00","dateModified":"2024-02-26T12:50:45+00:00","description":"Architecte classique et contemporain \u00e0 Bruxelles, Brabant Wallon et Brabant Flamand. Membre des Architectes-B\u00e2tisseurs et expert en construction.","breadcrumb":{"@id":"https:\/\/www.xvdl.be\/fr\/#breadcrumb"},"inLanguage":"fr-FR","potentialAction":[{"@type":"ReadAction","target":["https:\/\/www.xvdl.be\/fr\/"]}]},{"@type":"BreadcrumbList","@id":"https:\/\/www.xvdl.be\/fr\/#breadcrumb","itemListElement":[{"@type":"ListItem","position":1,"name":"Home","item":"https:\/\/www.xvdl.be\/fr\/"},{"@type":"ListItem","position":2,"name":"Bienvenue"}]},{"@type":"WebSite","@id":"https:\/\/www.xvdl.be\/fr\/#website","url":"https:\/\/www.xvdl.be\/fr\/","name":"Xavier Vanderlinden Architecte","description":"Bureau d&#039;\u00e9tude en architecture classique et contemporaine","publisher":{"@id":"https:\/\/www.xvdl.be\/fr\/#organization"},"potentialAction":[{"@type":"SearchAction","target":{"@type":"EntryPoint","urlTemplate":"https:\/\/www.xvdl.be\/fr\/?s={search_term_string}"},"query-input":{"@type":"PropertyValueSpecification","valueRequired":true,"valueName":"search_term_string"}}],"inLanguage":"fr-FR"},{"@type":"Organization","@id":"https:\/\/www.xvdl.be\/fr\/#organization","name":"Xavier Vanderlinden Architecte","url":"https:\/\/www.xvdl.be\/fr\/","logo":{"@type":"ImageObject","inLanguage":"fr-FR","@id":"https:\/\/www.xvdl.be\/fr\/#\/schema\/logo\/image\/","url":"https:\/\/www.xvdl.be\/wp-content\/uploads\/2022\/08\/XVDL_fb-image.jpg","contentUrl":"https:\/\/www.xvdl.be\/wp-content\/uploads\/2022\/08\/XVDL_fb-image.jpg","width":1200,"height":630,"caption":"Xavier Vanderlinden Architecte"},"image":{"@id":"https:\/\/www.xvdl.be\/fr\/#\/schema\/logo\/image\/"}}]}},"_links":{"self":[{"href":"https:\/\/www.xvdl.be\/fr\/wp-json\/wp\/v2\/pages\/33","targetHints":{"allow":["GET"]}}],"collection":[{"href":"https:\/\/www.xvdl.be\/fr\/wp-json\/wp\/v2\/pages"}],"about":[{"href":"https:\/\/www.xvdl.be\/fr\/wp-json\/wp\/v2\/types\/page"}],"author":[{"embeddable":true,"href":"https:\/\/www.xvdl.be\/fr\/wp-json\/wp\/v2\/users\/1"}],"replies":[{"embeddable":true,"href":"https:\/\/www.xvdl.be\/fr\/wp-json\/wp\/v2\/comments?post=33"}],"version-history":[{"count":3,"href":"https:\/\/www.xvdl.be\/fr\/wp-json\/wp\/v2\/pages\/33\/revisions"}],"predecessor-version":[{"id":2484,"href":"https:\/\/www.xvdl.be\/fr\/wp-json\/wp\/v2\/pages\/33\/revisions\/2484"}],"wp:attachment":[{"href":"https:\/\/www.xvdl.be\/fr\/wp-json\/wp\/v2\/media?parent=33"}],"wp:term":[{"taxonomy":"category","embeddable":true,"href":"https:\/\/www.xvdl.be\/fr\/wp-json\/wp\/v2\/categories?post=33"},{"taxonomy":"post_tag","embeddable":true,"href":"https:\/\/www.xvdl.be\/fr\/wp-json\/wp\/v2\/tags?post=33"}],"curies":[{"name":"wp","href":"https:\/\/api.w.org\/{rel}","templated":true}]}}